{"id":6,"date":"2026-02-23T12:52:38","date_gmt":"2026-02-23T09:52:38","guid":{"rendered":"http:\/\/muglaokulkiyafetleri.com\/?page_id=6"},"modified":"2026-03-27T11:37:02","modified_gmt":"2026-03-27T08:37:02","slug":"yenileniyoruz","status":"publish","type":"page","link":"https:\/\/muglaokulkiyafetleri.com\/","title":{"rendered":"YEN\u0130LEN\u0130YORUZ&#8230;"},"content":{"rendered":"\n<div class=\"row\"  id=\"row-271094558\">\n\n\n\t<div id=\"col-452185609\" class=\"col medium-6 small-12 large-6\"  >\n\t\t\t\t<div class=\"col-inner\"  >\n\t\t\t\n\t\t\t\n\n\t<div class=\"img has-hover x md-x lg-x y md-y lg-y\" id=\"image_2048584909\">\n\t\t<a class=\"\" href=\"https:\/\/muglaokulkiyafetleri.com\/wp-content\/uploads\/2026\/02\/MUGLA-OKUL-KIYAFETLERI.pdf.pdf\"  >\t\t\t\t\t\t<div class=\"img-inner dark\" >\n\t\t\t<img loading=\"lazy\" decoding=\"async\" width=\"591\" height=\"591\" src=\"https:\/\/muglaokulkiyafetleri.com\/wp-content\/uploads\/2026\/02\/OKUL-KIYAFETLERI-2.png\" class=\"attachment-large size-large\" alt=\"\" srcset=\"https:\/\/muglaokulkiyafetleri.com\/wp-content\/uploads\/2026\/02\/OKUL-KIYAFETLERI-2.png 591w, https:\/\/muglaokulkiyafetleri.com\/wp-content\/uploads\/2026\/02\/OKUL-KIYAFETLERI-2-300x300.png 300w, https:\/\/muglaokulkiyafetleri.com\/wp-content\/uploads\/2026\/02\/OKUL-KIYAFETLERI-2-150x150.png 150w\" sizes=\"auto, (max-width: 591px) 100vw, 591px\" \/>\t\t\t\t\t\t\n\t\t\t\t\t<\/div>\n\t\t\t\t\t\t<\/a>\t\t\n<style>\n#image_2048584909 {\n  width: 100%;\n}\n<\/style>\n\t<\/div>\n\t\n\n\n\t\t<\/div>\n\t\t\t\t\t<\/div>\n\n\t\n\n\t<div id=\"col-403223193\" class=\"col medium-6 small-12 large-6\"  >\n\t\t\t\t<div class=\"col-inner\"  >\n\t\t\t\n\t\t\t\n\n\t<div class=\"img has-hover x md-x lg-x y md-y lg-y\" id=\"image_910764205\">\n\t\t<a class=\"\" href=\"https:\/\/muglaokulkiyafetleri.com\/wp-content\/uploads\/2026\/02\/23-NISAN-2026-KATALOGU.pdf\"  >\t\t\t\t\t\t<div class=\"img-inner dark\" >\n\t\t\t<img loading=\"lazy\" decoding=\"async\" width=\"591\" height=\"591\" src=\"https:\/\/muglaokulkiyafetleri.com\/wp-content\/uploads\/2026\/02\/OKUL-KIYAFETLERI-1.png\" class=\"attachment-large size-large\" alt=\"\" srcset=\"https:\/\/muglaokulkiyafetleri.com\/wp-content\/uploads\/2026\/02\/OKUL-KIYAFETLERI-1.png 591w, https:\/\/muglaokulkiyafetleri.com\/wp-content\/uploads\/2026\/02\/OKUL-KIYAFETLERI-1-300x300.png 300w, https:\/\/muglaokulkiyafetleri.com\/wp-content\/uploads\/2026\/02\/OKUL-KIYAFETLERI-1-150x150.png 150w\" sizes=\"auto, (max-width: 591px) 100vw, 591px\" \/>\t\t\t\t\t\t\n\t\t\t\t\t<\/div>\n\t\t\t\t\t\t<\/a>\t\t\n<style>\n#image_910764205 {\n  width: 100%;\n}\n<\/style>\n\t<\/div>\n\t\n\n\n\t\t<\/div>\n\t\t\t\t\t<\/div>\n\n\t\n\n<\/div>\n<p style=\"text-align: center;\"><em>Sitemizi e-ticaret sistemi i\u00e7in g\u00fcncelliyoruz. Yak\u0131nda yepyeni teknolojimizle sizlerle olaca\u011f\u0131z&#8230;<\/em><\/p>\n<p style=\"text-align: center;\"><strong>GSM: +90 546 158 91 98<\/strong><\/p>\n<p style=\"text-align: center;\"><strong>Adres: Orhaniye Mah. \u0130smet \u00c7atak Cd. 10.Sk Aky\u00fcz Apt No:34\/B Mente\u015fe \/ MU\u011eLA\u00a0\u00a0\u00a0\u00a0\u00a0\u00a0 <\/strong><\/p>\n<p style=\"text-align: center;\"><strong>e-mail:<a href=\"mailto:info@muglaokulkiyafetleri.com\">info@muglaokulkiyafetleri.com<\/a>\u00a0 \u00a0<\/strong><\/p>\n<p style=\"text-align: center;\"><strong>www.muglaokulkiyafetleri.com<\/strong><\/p>\n<div class=\"row\"  id=\"row-1178277570\">\n\n\n<\/div>\n\n","protected":false},"excerpt":{"rendered":"","protected":false},"author":1,"featured_media":0,"parent":0,"menu_order":0,"comment_status":"closed","ping_status":"closed","template":"","meta":{"footnotes":""},"class_list":["post-6","page","type-page","status-publish","hentry"],"_links":{"self":[{"href":"https:\/\/muglaokulkiyafetleri.com\/index.php\/wp-json\/wp\/v2\/pages\/6","targetHints":{"allow":["GET"]}}],"collection":[{"href":"https:\/\/muglaokulkiyafetleri.com\/index.php\/wp-json\/wp\/v2\/pages"}],"about":[{"href":"https:\/\/muglaokulkiyafetleri.com\/index.php\/wp-json\/wp\/v2\/types\/page"}],"author":[{"embeddable":true,"href":"https:\/\/muglaokulkiyafetleri.com\/index.php\/wp-json\/wp\/v2\/users\/1"}],"replies":[{"embeddable":true,"href":"https:\/\/muglaokulkiyafetleri.com\/index.php\/wp-json\/wp\/v2\/comments?post=6"}],"version-history":[{"count":9,"href":"https:\/\/muglaokulkiyafetleri.com\/index.php\/wp-json\/wp\/v2\/pages\/6\/revisions"}],"predecessor-version":[{"id":29,"href":"https:\/\/muglaokulkiyafetleri.com\/index.php\/wp-json\/wp\/v2\/pages\/6\/revisions\/29"}],"wp:attachment":[{"href":"https:\/\/muglaokulkiyafetleri.com\/index.php\/wp-json\/wp\/v2\/media?parent=6"}],"curies":[{"name":"wp","href":"https:\/\/api.w.org\/{rel}","templated":true}]}}